{"id":2561,"date":"2025-11-19T14:41:40","date_gmt":"2025-11-19T14:41:40","guid":{"rendered":"https:\/\/edbuntu.ch\/?page_id=2561"},"modified":"2026-01-08T18:21:06","modified_gmt":"2026-01-08T18:21:06","slug":"services","status":"publish","type":"page","link":"https:\/\/edbuntu.ch\/fr\/services\/","title":{"rendered":"Nos services"},"content":{"rendered":"<div class=\"wp-block-cover alignfull has-aspect-ratio\" style=\"min-height:650px;aspect-ratio:16\/9;min-height:unset;\"><img loading=\"lazy\" decoding=\"async\" width=\"1536\" height=\"864\" class=\"wp-block-cover__image-background wp-image-2745 size-full\" alt=\"services f\" src=\"https:\/\/edbuntu.ch\/wp-content\/uploads\/2025\/11\/services-F.png\" style=\"object-position:51% 84%\" data-object-fit=\"cover\" data-object-position=\"51% 84%\" title=\"Nos services\" srcset=\"https:\/\/edbuntu.ch\/wp-content\/uploads\/2025\/11\/services-F.png 1536w, https:\/\/edbuntu.ch\/wp-content\/uploads\/2025\/11\/services-F-300x169.png 300w, https:\/\/edbuntu.ch\/wp-content\/uploads\/2025\/11\/services-F-1024x576.png 1024w, https:\/\/edbuntu.ch\/wp-content\/uploads\/2025\/11\/services-F-768x432.png 768w\" sizes=\"auto, (max-width: 1536px) 100vw, 1536px\" \/><span aria-hidden=\"true\" class=\"wp-block-cover__background has-background-dim-0 has-background-dim\"><\/span><div class=\"wp-block-cover__inner-container is-layout-constrained wp-block-cover-is-layout-constrained\">\n<p class=\"has-text-align-center has-large-font-size\"><\/p>\n<\/div><\/div>\n\n\n\n<div class=\"wp-block-group has-ast-global-color-5-color has-ast-global-color-0-background-color has-text-color has-background is-layout-constrained wp-container-core-group-is-layout-b775ea92 wp-block-group-is-layout-constrained\" style=\"border-style:none;border-width:0px;border-radius:25px;margin-top:0;margin-bottom:0;padding-top:40px;padding-right:30px;padding-bottom:40px;padding-left:30px;box-shadow:none\">\n<div class=\"wp-block-uagb-separator uagb-block-1776f3a5 wp-block-uagb-separator--text\"><div class=\"uagb-separator-spacing-wrapper\"><div class=\"wp-block-uagb-separator__inner\" style=\"--my-background-image:\"><div class=\"wp-block-uagb-separator-element\"><h2 class=\"uagb-html-tag\">NOS SERVICES<\/h2><\/div><\/div><\/div><\/div>\n\n\n\n<div class=\"wp-block-group is-layout-constrained wp-container-core-group-is-layout-7db9d80f wp-block-group-is-layout-constrained\" style=\"padding-right:0;padding-left:0\">\n<p style=\"padding-right:0;padding-left:0;font-size:17px\">Chez EdBuntu Consulting, nous accompagnons les institutions et les acteurs de l\u2019\u00e9ducation dans le renforcement des programmes et des syst\u00e8mes, la cr\u00e9ation d\u2019environnements d\u2019apprentissage capables de r\u00e9pondre \u00e0 un monde en mutation, et la co-construction de solutions porteuses de sens, contextualis\u00e9es et durables.<br>Notre action s\u2019articule autour de trois piliers compl\u00e9mentaires.<\/p>\n<\/div>\n<\/div>\n\n\n\n<div class=\"wp-block-columns has-ast-global-color-0-background-color has-background is-layout-flex wp-container-core-columns-is-layout-28f84493 wp-block-columns-is-layout-flex\">\n<div class=\"wp-block-column is-layout-constrained wp-block-column-is-layout-constrained\" style=\"flex-basis:100%\">\n<div class=\"wp-block-uagb-container uagb-block-d44afa42 alignfull uagb-is-root-container\"><div class=\"uagb-container-inner-blocks-wrap\">\n<div class=\"wp-block-group has-ast-global-color-0-background-color has-background is-layout-constrained wp-container-core-group-is-layout-19e250f3 wp-block-group-is-layout-constrained\">\n<div class=\"wp-block-columns equal-services is-layout-flex wp-container-core-columns-is-layout-28f84493 wp-block-columns-is-layout-flex\">\n<div class=\"wp-block-column is-vertically-aligned-stretch is-layout-constrained wp-block-column-is-layout-constrained\">\n<div class=\"wp-block-group alignfull services-card has-border-color has-ast-global-color-2-border-color has-ast-global-color-5-background-color has-background is-layout-constrained wp-container-core-group-is-layout-b775ea92 wp-block-group-is-layout-constrained\" style=\"border-width:5px;border-radius:25px;margin-top:0;margin-bottom:0;padding-top:40px;padding-right:30px;padding-bottom:40px;padding-left:30px;box-shadow:var(--wp--preset--shadow--natural)\">      \n\t\t\t<div class=\"uagb-icon-wrapper uagb-block-1fbf8710\"\n\t\t\tstyle=\"\" >\n\t\t\t\t\t\t\t\t\t<span class=\"uagb-svg-wrapper\" \n\t\t\t\t\t aria-label=\"person-chalkboard\"\t\t\t\t\ttabindex=\"0\">\t\t\n\t\t\t\t\t\t\t\t\t\t<svg xmlns=\"https:\/\/www.w3.org\/2000\/svg\" viewbox= \"0 0 640 512\" role=\"graphics-symbol\" aria-hidden=\"false\" aria-label=\"\"><path d=\"M144 48C144 21.49 165.5 0 192 0C218.5 0 240 21.49 240 48C240 74.51 218.5 96 192 96C165.5 96 144 74.51 144 48zM152 512C134.3 512 120 497.7 120 480V256.9L91.43 304.5C82.33 319.6 62.67 324.5 47.52 315.4C32.37 306.3 27.47 286.7 36.58 271.5L94.85 174.6C112.2 145.7 143.4 128 177.1 128H320V48C320 21.49 341.5 .0003 368 .0003H592C618.5 .0003 640 21.49 640 48V272C640 298.5 618.5 320 592 320H368C341.5 320 320 298.5 320 272V224H384V256H576V64H384V128H400C417.7 128 432 142.3 432 160C432 177.7 417.7 192 400 192H264V480C264 497.7 249.7 512 232 512C214.3 512 200 497.7 200 480V352H184V480C184 497.7 169.7 512 152 512L152 512z\"><\/path><\/svg>\n\t\t\t\t\t\t\t\t\t<\/span>\n\t\t\t\t\t\t\t<\/div>\n\t\t\t\n\n\n<h2 class=\"wp-block-heading has-text-align-center has-large-font-size\" style=\"padding-top:var(--wp--preset--spacing--50);padding-bottom:var(--wp--preset--spacing--50)\"><strong><strong>Consulting<\/strong><\/strong><\/h2>\n\n\n\n<p class=\"has-ast-global-color-0-color has-text-color has-link-color wp-elements-bb9de578c7bc169432ba87ea3299b121\" style=\"font-size:17px\">Nous accompagnons nos partenaires dans le renforcement des programmes et des syst\u00e8mes d\u2019\u00e9ducation et de protection de l\u2019enfance, \u00e0 travers une expertise th\u00e9matique, un appui strat\u00e9gique et des analyses contextualis\u00e9es.<br><br><strong>Nos domaines d\u2019intervention incluent notamment :<\/strong><\/p>\n\n\n\n<ul style=\"padding-right:var(--wp--preset--spacing--50);padding-left:var(--wp--preset--spacing--50);font-size:17px\" class=\"wp-block-list\">\n<li><strong>Conseil strat\u00e9gique :<\/strong> accompagnement strat\u00e9gique visant \u00e0 orienter les programmes, les politiques et les d\u00e9cisions organisationnelles, en garantissant leur alignement avec les contextes, les priorit\u00e9s et les objectifs \u00e0 long terme.<\/li>\n\n\n\n<li><strong>Conception de programmes : <\/strong>\u00e9laboration de cadres programmatiques, de curricula et de mod\u00e8les d\u2019intervention fond\u00e9s sur les donn\u00e9es probantes et adapt\u00e9s aux contextes, en r\u00e9ponse aux besoins et aux capacit\u00e9s locales.<\/li>\n\n\n\n<li><strong>Suivi, \u00e9valuation et apprentissage (MEAL) : <\/strong>appui \u00e0 la conception et \u00e0 la mise en \u0153uvre de cadres, d\u2019outils et de processus MEAL favorisant l\u2019apprentissage, la redevabilit\u00e9 et une prise de d\u00e9cision adaptative.<\/li>\n\n\n\n<li><strong>\u00c9ducation en situations d\u2019urgence (EiE) : <\/strong>conseil sur les r\u00e9ponses \u00e9ducatives en contexte de crise, la cr\u00e9ation d\u2019environnements d\u2019apprentissage s\u00fbrs et la continuit\u00e9 de l\u2019apprentissage en situations d\u2019urgence.<\/li>\n\n\n\n<li><strong>Int\u00e9gration de la protection de l\u2019enfance et sauvegarde de l\u2019enfant : <\/strong>int\u00e9gration des principes de protection de l\u2019enfance dans l\u2019ensemble des programmes et mise en \u0153uvre de pratiques s\u00fbres, \u00e9thiques et inclusives, align\u00e9es sur les normes internationales.<\/li>\n\n\n\n<li><strong>Mobilisation des bailleurs et d\u00e9veloppement de propositions : <\/strong>appui au renforcement des notes conceptuelles, des propositions et des strat\u00e9gies d\u2019engagement des bailleurs, en vue de mobiliser des financements et de consolider des conceptions de programmes solides et viables.<\/li>\n\n\n\n<li><strong>Expertise transversale : inclusion, diversit\u00e9 et localisation : <\/strong>accompagnement visant \u00e0 garantir que les programmes refl\u00e8tent la diversit\u00e9 des identit\u00e9s et des besoins, et qu\u2019ils soient con\u00e7us pour valoriser l\u2019expertise et le leadership locaux.<\/li>\n<\/ul>\n\n\n\n<p style=\"font-size:17px\"><strong><br><\/strong>Notre consulting renforce la qualit\u00e9 des programmes, soutient une prise de d\u00e9cision fond\u00e9e sur des donn\u00e9es probantes et aide nos partenaires \u00e0 produire un impact durable.<\/p>\n<\/div>\n<\/div>\n<\/div>\n<\/div>\n<\/div><\/div>\n<\/div>\n<\/div>\n\n\n\n<div class=\"wp-block-columns has-ast-global-color-0-background-color has-background is-layout-flex wp-container-core-columns-is-layout-28f84493 wp-block-columns-is-layout-flex\">\n<div class=\"wp-block-column is-layout-constrained wp-block-column-is-layout-constrained\" style=\"flex-basis:100%\">\n<div class=\"wp-block-uagb-container uagb-block-55f62599 alignfull uagb-is-root-container\"><div class=\"uagb-container-inner-blocks-wrap\">\n<div class=\"wp-block-group has-ast-global-color-0-background-color has-background is-layout-constrained wp-container-core-group-is-layout-19e250f3 wp-block-group-is-layout-constrained\">\n<div class=\"wp-block-columns equal-services is-layout-flex wp-container-core-columns-is-layout-28f84493 wp-block-columns-is-layout-flex\">\n<div class=\"wp-block-column is-vertically-aligned-stretch is-layout-constrained wp-block-column-is-layout-constrained\">\n<div class=\"wp-block-group alignfull services-card has-border-color has-ast-global-color-2-border-color has-ast-global-color-5-background-color has-background is-layout-constrained wp-container-core-group-is-layout-b775ea92 wp-block-group-is-layout-constrained\" style=\"border-width:5px;border-radius:25px;margin-top:0;margin-bottom:0;padding-top:40px;padding-right:30px;padding-bottom:40px;padding-left:30px;box-shadow:var(--wp--preset--shadow--natural)\">      \n\t\t\t<div class=\"uagb-icon-wrapper uagb-block-534c3bd1\"\n\t\t\tstyle=\"\" >\n\t\t\t\t\t\t\t\t\t<span class=\"uagb-svg-wrapper\" \n\t\t\t\t\t aria-label=\"lightbulb\"\t\t\t\t\ttabindex=\"0\">\t\t\n\t\t\t\t\t\t\t\t\t\t<svg xmlns=\"https:\/\/www.w3.org\/2000\/svg\" viewbox= \"0 0 384 512\" role=\"graphics-symbol\" aria-hidden=\"false\" aria-label=\"\"><path d=\"M112.1 454.3c0 6.297 1.816 12.44 5.284 17.69l17.14 25.69c5.25 7.875 17.17 14.28 26.64 14.28h61.67c9.438 0 21.36-6.401 26.61-14.28l17.08-25.68c2.938-4.438 5.348-12.37 5.348-17.7L272 415.1h-160L112.1 454.3zM191.4 .0132C89.44 .3257 16 82.97 16 175.1c0 44.38 16.44 84.84 43.56 115.8c16.53 18.84 42.34 58.23 52.22 91.45c.0313 .25 .0938 .5166 .125 .7823h160.2c.0313-.2656 .0938-.5166 .125-.7823c9.875-33.22 35.69-72.61 52.22-91.45C351.6 260.8 368 220.4 368 175.1C368 78.61 288.9-.2837 191.4 .0132zM192 96.01c-44.13 0-80 35.89-80 79.1C112 184.8 104.8 192 96 192S80 184.8 80 176c0-61.76 50.25-111.1 112-111.1c8.844 0 16 7.159 16 16S200.8 96.01 192 96.01z\"><\/path><\/svg>\n\t\t\t\t\t\t\t\t\t<\/span>\n\t\t\t\t\t\t\t<\/div>\n\t\t\t\n\n\n<h2 class=\"wp-block-heading has-text-align-center has-large-font-size\" style=\"padding-top:var(--wp--preset--spacing--50);padding-bottom:var(--wp--preset--spacing--50)\"><strong><strong>Comp\u00e9tences &amp; Innovation<\/strong><\/strong><\/h2>\n\n\n\n<p class=\"has-ast-global-color-0-color has-text-color has-link-color wp-elements-7e4b28e5787ededf8debb3ff205f1783\" style=\"font-size:17px\">Nous accompagnons les \u00e9coles, les minist\u00e8res et les institutions dans l\u2019int\u00e9gration de comp\u00e9tences modernes, ancr\u00e9es dans les r\u00e9alit\u00e9s du monde contemporain, au sein de leurs environnements d\u2019apprentissage, afin d\u2019aider les apprenants \u00e0 \u00e9voluer dans un monde en transformation.<br><br><strong>Nous concentrons notre action sur le d\u00e9veloppement de :<\/strong><\/p>\n\n\n\n<ul style=\"padding-right:var(--wp--preset--spacing--50);padding-left:var(--wp--preset--spacing--50);font-size:17px\" class=\"wp-block-list\">\n<li><strong>Comp\u00e9tences num\u00e9riques et analytiques : <\/strong>d\u00e9veloppement de la capacit\u00e9 des apprenants \u00e0 utiliser les outils num\u00e9riques de mani\u00e8re responsable, \u00e0 exercer un esprit critique, \u00e0 interpr\u00e9ter l\u2019information et \u00e0 r\u00e9soudre des probl\u00e8mes \u00e0 l\u2019aide du raisonnement et d\u2019\u00e9l\u00e9ments factuels.<\/li>\n\n\n\n<li><strong>\u00c9ducation financi\u00e8re : <\/strong>accompagnement des jeunes dans l\u2019acquisition de comp\u00e9tences en litt\u00e9ratie financi\u00e8re, leur permettant de prendre des d\u00e9cisions \u00e9clair\u00e9es et d\u2019adopter des pratiques financi\u00e8res responsables.<\/li>\n\n\n\n<li><strong>Comp\u00e9tences entrepreneuriales : <\/strong>encouragement de la cr\u00e9ativit\u00e9, de l\u2019innovation, de l\u2019initiative et de la capacit\u00e9 \u00e0 transformer des id\u00e9es en actions concr\u00e8tes.<\/li>\n\n\n\n<li><strong>Leadership, collaboration et r\u00e9solution de probl\u00e8mes : <\/strong>renforcement des comp\u00e9tences en communication, travail d\u2019\u00e9quipe, prise de d\u00e9cision et r\u00e9silience.<\/li>\n\n\n\n<li><strong>Sensibilisation \u00e0 l\u2019interculturalit\u00e9 et \u00e0 la citoyennet\u00e9 mondiale : <\/strong>accompagnement des apprenants dans la compr\u00e9hension de perspectives diverses, l\u2019engagement respectueux entre cultures et l\u2019adoption de comportements responsables dans un monde interconnect\u00e9.<\/li>\n<\/ul>\n\n\n\n<p style=\"font-size:17px\"><strong><br><\/strong>Notre approche relie les comp\u00e9tences pratiques \u00e0 un apprentissage centr\u00e9 sur l\u2019humain, en favorisant des environnements dans lesquels les jeunes peuvent se d\u00e9velopper avec adaptabilit\u00e9 et perspective d\u2019avenir, dot\u00e9s non seulement de connaissances, mais aussi de la confiance et de la capacit\u00e9 d\u2019agir pour contribuer de mani\u00e8re significative \u00e0 leurs communaut\u00e9s.<\/p>\n<\/div>\n<\/div>\n<\/div>\n<\/div>\n<\/div><\/div>\n<\/div>\n<\/div>\n\n\n\n<div class=\"wp-block-columns has-ast-global-color-0-background-color has-background is-layout-flex wp-container-core-columns-is-layout-28f84493 wp-block-columns-is-layout-flex\">\n<div class=\"wp-block-column is-layout-constrained wp-block-column-is-layout-constrained\" style=\"flex-basis:100%\">\n<div class=\"wp-block-uagb-container uagb-block-6d1283c9 alignfull uagb-is-root-container\"><div class=\"uagb-container-inner-blocks-wrap\">\n<div class=\"wp-block-group has-ast-global-color-0-background-color has-background is-layout-constrained wp-container-core-group-is-layout-19e250f3 wp-block-group-is-layout-constrained\">\n<div class=\"wp-block-columns equal-services is-layout-flex wp-container-core-columns-is-layout-28f84493 wp-block-columns-is-layout-flex\">\n<div class=\"wp-block-column is-vertically-aligned-stretch is-layout-constrained wp-block-column-is-layout-constrained\">\n<div class=\"wp-block-group alignfull services-card has-border-color has-ast-global-color-2-border-color has-ast-global-color-5-background-color has-background is-layout-constrained wp-container-core-group-is-layout-b775ea92 wp-block-group-is-layout-constrained\" style=\"border-width:5px;border-radius:25px;margin-top:0;margin-bottom:0;padding-top:40px;padding-right:30px;padding-bottom:40px;padding-left:30px;box-shadow:var(--wp--preset--shadow--natural)\">      \n\t\t\t<div class=\"uagb-icon-wrapper uagb-block-90554ac5\"\n\t\t\tstyle=\"\" >\n\t\t\t\t\t\t\t\t\t<span class=\"uagb-svg-wrapper\" \n\t\t\t\t\t aria-label=\"handshake-simple\"\t\t\t\t\ttabindex=\"0\">\t\t\n\t\t\t\t\t\t\t\t\t\t<svg xmlns=\"https:\/\/www.w3.org\/2000\/svg\" viewbox= \"0 0 640 512\" role=\"graphics-symbol\" aria-hidden=\"false\" aria-label=\"\"><path d=\"M334.6 217.4l-30 27.49C264 282.1 217.8 256.8 202.9 240.6C176 211.2 178.1 165.7 207.3 138.9L289.1 64H282.5C224.7 64 169.1 86.95 128.2 127.8L32 128.1c-17.6 0-32 14.39-32 31.98v159.8c0 17.59 14.4 32.04 31.1 32.04l114.3-.0604l90.5 81.82c27.5 22.37 67.75 18.11 90-9.255l18.12 15.25c15.88 12.1 39.38 10.5 52.38-5.369l31.38-38.6l5.374 4.498c13.75 11 33.88 9.002 45-4.748l9.576-11.83c11.08-13.7 8.979-33.75-4.701-44.86L334.6 217.4zM608 128.1l-96-.1257c-40.98-40.96-96.56-63.88-154.5-63.88L348.9 64c-8 0-15.62 3.197-21.62 8.568L229 162.3C228.9 162.5 228.8 162.7 228.8 162.7C212 178.5 212.4 203.3 226.6 218.7c9.625 10.5 35 21.62 56.13 2.75c0-.125 .25-.125 .375-.25l80-73.1c6.5-5.871 16.62-5.496 22.62 1s5.5 16.62-1 22.62l-26.12 23.87l145.6 118.1c12.12 9.992 19.5 23.49 22.12 37.98L608 351.7c17.6 0 32-14.38 32-31.98V160.1C640 142.4 625.7 128.1 608 128.1z\"><\/path><\/svg>\n\t\t\t\t\t\t\t\t\t<\/span>\n\t\t\t\t\t\t\t<\/div>\n\t\t\t\n\n\n<h2 class=\"wp-block-heading has-text-align-center has-large-font-size\" style=\"padding-top:var(--wp--preset--spacing--50);padding-bottom:var(--wp--preset--spacing--50)\"><strong><strong><strong>CO-CR\u00c9ATION<\/strong><\/strong><\/strong><\/h2>\n\n\n\n<p class=\"has-ast-global-color-0-color has-text-color has-link-color wp-elements-71db94e7d185d067174162050e34fa30\" style=\"font-size:17px\">Des communaut\u00e9s b\u00e9n\u00e9ficiaires aux communaut\u00e9s leaders. Nous concevons des solutions&nbsp;<em>avec<\/em>&nbsp;les communaut\u00e9s, et non&nbsp;<em>pour<\/em>&nbsp;elles, afin de garantir leur pertinence, leur appropriation et un impact \u00e0 long terme.<br><br><strong>Notre travail en mati\u00e8re de co-cr\u00e9ation comprend notamment :<\/strong><\/p>\n\n\n\n<ul style=\"padding-right:var(--wp--preset--spacing--50);padding-left:var(--wp--preset--spacing--50);font-size:17px\" class=\"wp-block-list\">\n<li><strong>Co-conception de processus participatifs : <\/strong>mobilisation des apprenants, des \u00e9ducateurs, des familles et des parties prenantes dans la d\u00e9finition des programmes et des solutions, \u00e0 travers des m\u00e9thodes inclusives et participatives.<\/li>\n\n\n\n<li><strong>Adaptation localis\u00e9e des curricula et des contenus : <\/strong>conception de supports p\u00e9dagogiques refl\u00e9tant les langues, les cultures, les exp\u00e9riences et les aspirations locales.<\/li>\n\n\n\n<li><strong>D\u00e9veloppement de programmes pilot\u00e9s par les communaut\u00e9s : <\/strong>appui aux communaut\u00e9s dans l\u2019identification de leurs priorit\u00e9s, la d\u00e9finition des solutions et la conduite des processus de mise en \u0153uvre.<\/li>\n\n\n\n<li><strong>Approches centr\u00e9es sur l\u2019humain : <\/strong>conception de programmes qui partent des besoins, des exp\u00e9riences et des r\u00e9alit\u00e9s des personnes, afin de proposer des solutions concr\u00e8tes et porteuses de sens.<\/li>\n\n\n\n<li><strong>Collaboration multi-acteurs et conception de partenariats : <\/strong>mise en relation des autorit\u00e9s, des ONG, des \u00e9coles et des acteurs communautaires pour construire des visions partag\u00e9es et des r\u00e9ponses coordonn\u00e9es.<\/li>\n\n\n\n<li><strong>Analyses contextuelles : <\/strong>r\u00e9alisation d\u2019analyses portant sur les facteurs sociaux, culturels et institutionnels, afin de garantir l\u2019alignement des interventions avec les r\u00e9alit\u00e9s qu\u2019elles visent \u00e0 transformer.<\/li>\n<\/ul>\n\n\n\n<p><br>En renfor\u00e7ant le dialogue, l\u2019expertise locale et le partage de la responsabilit\u00e9, nous contribuons \u00e0 cr\u00e9er des solutions pertinentes, inclusives et con\u00e7ues pour durer.<\/p>\n<\/div>\n<\/div>\n<\/div>\n<\/div>\n<\/div><\/div>\n<\/div>\n<\/div>","protected":false},"excerpt":{"rendered":"<p>At EdBuntu Consulting, we support education institutions and stakeholders in strengthening programmes and systems, building learning environments that respond to a changing world, and co-developing solutions that are meaningful, contextualised, and sustainable.Our work is organised around three complementary pillars. Consulting We help partners strengthen education and child protection programmes and systems through thematic expertise, strategic [&hellip;]<\/p>\n","protected":false},"author":1,"featured_media":0,"parent":0,"menu_order":0,"comment_status":"closed","ping_status":"closed","template":"","meta":{"_uag_custom_page_level_css":"","site-sidebar-layout":"default","site-content-layout":"","ast-site-content-layout":"full-width-container","site-content-style":"default","site-sidebar-style":"default","ast-global-header-display":"","ast-banner-title-visibility":"","ast-main-header-display":"","ast-hfb-above-header-display":"","ast-hfb-below-header-display":"","ast-hfb-mobile-header-display":"","site-post-title":"disabled","ast-breadcrumbs-content":"","ast-featured-img":"","footer-sml-layout":"","ast-disable-related-posts":"","theme-transparent-header-meta":"","adv-header-id-meta":"","stick-header-meta":"","header-above-stick-meta":"","header-main-stick-meta":"","header-below-stick-meta":"","astra-migrate-meta-layouts":"set","ast-page-background-enabled":"default","ast-page-background-meta":{"desktop":{"background-color":"","background-image":"","background-repeat":"repeat","background-position":"center center","background-size":"auto","background-attachment":"scroll","background-type":"","background-media":"","overlay-type":"","overlay-color":"","overlay-opacity":"","overlay-gradient":""},"tablet":{"background-color":"","background-image":"","background-repeat":"repeat","background-position":"center center","background-size":"auto","background-attachment":"scroll","background-type":"","background-media":"","overlay-type":"","overlay-color":"","overlay-opacity":"","overlay-gradient":""},"mobile":{"background-color":"","background-image":"","background-repeat":"repeat","background-position":"center center","background-size":"auto","background-attachment":"scroll","background-type":"","background-media":"","overlay-type":"","overlay-color":"","overlay-opacity":"","overlay-gradient":""}},"ast-content-background-meta":{"desktop":{"background-color":"var(--ast-global-color-5)","background-image":"","background-repeat":"repeat","background-position":"center center","background-size":"auto","background-attachment":"scroll","background-type":"","background-media":"","overlay-type":"","overlay-color":"","overlay-opacity":"","overlay-gradient":""},"tablet":{"background-color":"var(--ast-global-color-5)","background-image":"","background-repeat":"repeat","background-position":"center center","background-size":"auto","background-attachment":"scroll","background-type":"","background-media":"","overlay-type":"","overlay-color":"","overlay-opacity":"","overlay-gradient":""},"mobile":{"background-color":"var(--ast-global-color-5)","background-image":"","background-repeat":"repeat","background-position":"center center","background-size":"auto","background-attachment":"scroll","background-type":"","background-media":"","overlay-type":"","overlay-color":"","overlay-opacity":"","overlay-gradient":""}},"footnotes":""},"class_list":["post-2561","page","type-page","status-publish","hentry"],"uagb_featured_image_src":{"full":false,"thumbnail":false,"medium":false,"medium_large":false,"large":false,"1536x1536":false,"2048x2048":false,"trp-custom-language-flag":false},"uagb_author_info":{"display_name":"derya-kaygisiz@outlook.com","author_link":"https:\/\/edbuntu.ch\/fr\/author\/derya-kaygisizoutlook-com\/"},"uagb_comment_info":0,"uagb_excerpt":"At EdBuntu Consulting, we support education institutions and stakeholders in strengthening programmes and systems, building learning environments that respond to a changing world, and co-developing solutions that are meaningful, contextualised, and sustainable.Our work is organised around three complementary pillars. Consulting We help partners strengthen education and child protection programmes and systems through thematic expertise, strategic\u2026","_links":{"self":[{"href":"https:\/\/edbuntu.ch\/fr\/wp-json\/wp\/v2\/pages\/2561","targetHints":{"allow":["GET"]}}],"collection":[{"href":"https:\/\/edbuntu.ch\/fr\/wp-json\/wp\/v2\/pages"}],"about":[{"href":"https:\/\/edbuntu.ch\/fr\/wp-json\/wp\/v2\/types\/page"}],"author":[{"embeddable":true,"href":"https:\/\/edbuntu.ch\/fr\/wp-json\/wp\/v2\/users\/1"}],"replies":[{"embeddable":true,"href":"https:\/\/edbuntu.ch\/fr\/wp-json\/wp\/v2\/comments?post=2561"}],"version-history":[{"count":53,"href":"https:\/\/edbuntu.ch\/fr\/wp-json\/wp\/v2\/pages\/2561\/revisions"}],"predecessor-version":[{"id":2937,"href":"https:\/\/edbuntu.ch\/fr\/wp-json\/wp\/v2\/pages\/2561\/revisions\/2937"}],"wp:attachment":[{"href":"https:\/\/edbuntu.ch\/fr\/wp-json\/wp\/v2\/media?parent=2561"}],"curies":[{"name":"wp","href":"https:\/\/api.w.org\/{rel}","templated":true}]}}