{"id":2554,"date":"2025-11-19T14:32:09","date_gmt":"2025-11-19T14:32:09","guid":{"rendered":"https:\/\/edbuntu.ch\/?page_id=2554"},"modified":"2026-01-13T19:10:45","modified_gmt":"2026-01-13T19:10:45","slug":"how-we-work","status":"publish","type":"page","link":"https:\/\/edbuntu.ch\/fr\/how-we-work\/","title":{"rendered":"Notre approche"},"content":{"rendered":"<div class=\"wp-block-cover alignfull has-aspect-ratio\" style=\"min-height:650px;aspect-ratio:16\/9;min-height:unset;\"><img loading=\"lazy\" decoding=\"async\" width=\"1536\" height=\"864\" class=\"wp-block-cover__image-background wp-image-2740 size-full\" alt=\"how we work f\" src=\"https:\/\/edbuntu.ch\/wp-content\/uploads\/2025\/11\/how-we-work-F.png\" style=\"object-position:51% 100%\" data-object-fit=\"cover\" data-object-position=\"51% 100%\" title=\"Notre approche\" srcset=\"https:\/\/edbuntu.ch\/wp-content\/uploads\/2025\/11\/how-we-work-F.png 1536w, https:\/\/edbuntu.ch\/wp-content\/uploads\/2025\/11\/how-we-work-F-300x169.png 300w, https:\/\/edbuntu.ch\/wp-content\/uploads\/2025\/11\/how-we-work-F-1024x576.png 1024w\" sizes=\"auto, (max-width: 1536px) 100vw, 1536px\" \/><span aria-hidden=\"true\" class=\"wp-block-cover__background has-background-dim-0 has-background-dim\"><\/span><div class=\"wp-block-cover__inner-container is-layout-constrained wp-block-cover-is-layout-constrained\">\n<p class=\"has-text-align-center has-large-font-size\"><\/p>\n<\/div><\/div>\n\n\n\n<div class=\"wp-block-group has-ast-global-color-5-color has-ast-global-color-0-background-color has-text-color has-background is-layout-constrained wp-container-core-group-is-layout-b775ea92 wp-block-group-is-layout-constrained\" style=\"border-style:none;border-width:0px;border-radius:25px;margin-top:0;margin-bottom:0;padding-top:40px;padding-right:30px;padding-bottom:40px;padding-left:30px;box-shadow:none\">\n<div class=\"wp-block-uagb-separator uagb-block-1776f3a5 wp-block-uagb-separator--text\"><div class=\"uagb-separator-spacing-wrapper\"><div class=\"wp-block-uagb-separator__inner\" style=\"--my-background-image:\"><div class=\"wp-block-uagb-separator-element\"><h2 class=\"uagb-html-tag\">NOTRE APPROCHE<\/h2><\/div><\/div><\/div><\/div>\n\n\n\n<div class=\"wp-block-group is-layout-constrained wp-container-core-group-is-layout-7db9d80f wp-block-group-is-layout-constrained\" style=\"padding-right:0;padding-left:0\">\n<p style=\"padding-right:0;padding-left:0;font-size:17px\">Notre travail repose sur la conviction que le progr\u00e8s se construit \u00e0 travers des relations porteuses de sens, un engagement partag\u00e9 et une croissance collective. Cette approche guide notre mani\u00e8re de collaborer avec nos partenaires et d\u2019\u00e9laborer des solutions \u00e9thiques, contextualis\u00e9es et durables. Nous abordons le consulting comme un processus collaboratif, en travaillant aux c\u00f4t\u00e9s des organisations, des communaut\u00e9s et des institutions afin de renforcer les capacit\u00e9s et de co-d\u00e9velopper des changements pertinents et durables.<\/p>\n<\/div>\n<\/div>\n\n\n\n<div class=\"wp-block-group has-ast-global-color-5-color has-ast-global-color-0-background-color has-text-color has-background is-layout-constrained wp-container-core-group-is-layout-b775ea92 wp-block-group-is-layout-constrained\" style=\"border-style:none;border-width:0px;border-radius:25px;margin-top:0;margin-bottom:0;padding-top:40px;padding-right:30px;padding-bottom:40px;padding-left:30px;box-shadow:none\">\n<div class=\"wp-block-uagb-separator uagb-block-a81be9a8 wp-block-uagb-separator--text\"><div class=\"uagb-separator-spacing-wrapper\"><div class=\"wp-block-uagb-separator__inner\" style=\"--my-background-image:\"><div class=\"wp-block-uagb-separator-element\"><h2 class=\"uagb-html-tag\">NOS PRINCIPES<\/h2><\/div><\/div><\/div><\/div>\n\n\n\n<ul style=\"padding-top:var(--wp--preset--spacing--30);padding-right:0;padding-bottom:var(--wp--preset--spacing--30);padding-left:0\" class=\"wp-block-list\">\n<li><strong>Dialogue et collaboration :<\/strong> Nous travaillons \u00e0 travers un dialogue ouvert et des processus participatifs, en veillant \u00e0 ce que les d\u00e9cisions et les solutions \u00e9mergent de partenariats authentiques plut\u00f4t que de solutions pr\u00e9con\u00e7ues.<\/li>\n\n\n\n<li><strong>Valorisation de l\u2019expertise locale :<\/strong> Nous reconnaissons l\u2019expertise approfondie des \u00e9ducateurs, des communaut\u00e9s et des acteurs locaux, et nous construisons nos interventions \u00e0 partir de leurs priorit\u00e9s, de leurs savoirs et de leurs exp\u00e9riences.<\/li>\n\n\n\n<li><strong>Dignit\u00e9, inclusion et redevabilit\u00e9 :<\/strong> Nos d\u00e9cisions sont guid\u00e9es par des principes qui d\u00e9fendent la dignit\u00e9 humaine, garantissent une participation \u00e9quitable et assurent la redevabilit\u00e9, en particulier lorsque nous travaillons avec des enfants et d\u2019autres groupes en situation de vuln\u00e9rabilit\u00e9.<\/li>\n\n\n\n<li><strong>Renforcement des capacit\u00e9s \u00e0 long terme :<\/strong> Nous nous concentrons sur le d\u00e9veloppement de syst\u00e8mes, de comp\u00e9tences et de structures durables, en privil\u00e9giant des solutions p\u00e9rennes plut\u00f4t que des r\u00e9sultats \u00e0 court terme.<\/li>\n\n\n\n<li><strong>Conception<\/strong>&nbsp;<strong>contextuelle :<\/strong> Chaque intervention est fa\u00e7onn\u00e9e par les r\u00e9alit\u00e9s sociales, culturelles et institutionnelles de son contexte, afin de garantir des solutions pertinentes, op\u00e9rationnelles et porteuses de sens.<\/li>\n<\/ul>\n<\/div>\n\n\n\n<div class=\"wp-block-columns alignfull are-vertically-aligned-top equal-cards has-ast-global-color-0-background-color has-background is-layout-flex wp-container-core-columns-is-layout-28f84493 wp-block-columns-is-layout-flex\">\n<div class=\"wp-block-column is-vertically-aligned-top is-layout-constrained wp-block-column-is-layout-constrained\">\n<div class=\"wp-block-group equal-cards has-border-color has-ast-global-color-2-border-color has-ast-global-color-5-background-color has-background is-content-justification-center is-layout-constrained wp-container-core-group-is-layout-19c749ed wp-block-group-is-layout-constrained\" style=\"border-width:5px;border-radius:25px;margin-top:0;margin-bottom:0;padding-top:40px;padding-right:30px;padding-bottom:40px;padding-left:30px;box-shadow:var(--wp--preset--shadow--natural)\">\n<h2 class=\"wp-block-heading has-text-align-center\" style=\"padding-top:var(--wp--preset--spacing--50);padding-bottom:var(--wp--preset--spacing--50);font-size:25px\"><strong><strong><strong><strong>Notre approche inspir\u00e9e par Ubuntu<\/strong><\/strong><\/strong><\/strong><\/h2>\n\n\n\n<p style=\"font-size:15px\">Ubuntu refl\u00e8te la conviction que nous grandissons \u00e0 travers les autres, et que les individus, les communaut\u00e9s et les institutions sont interconnect\u00e9s et s\u2019influencent mutuellement.<br>Chez EdBuntu Consulting, cette compr\u00e9hension se traduit concr\u00e8tement par :<\/p>\n\n\n\n<ul style=\"padding-top:0;padding-right:var(--wp--preset--spacing--30);padding-bottom:0;padding-left:var(--wp--preset--spacing--30);font-size:15px\" class=\"wp-block-list\">\n<li>la co-cr\u00e9ation avec les partenaires,<\/li>\n\n\n\n<li>Shared ownership&nbsp;of processes and solutions<\/li>\n\n\n\n<li>Ethical and community-based practices&nbsp;that avoid imposing external models<\/li>\n\n\n\n<li>le renforcement des relations \u00e0 long terme,&nbsp;<\/li>\n\n\n\n<li>le d\u00e9veloppement de capacit\u00e9s collectives, afin que l\u2019impact d\u00e9passe le cadre d\u2019un seul cycle de projet.<\/li>\n<\/ul>\n\n\n\n<p style=\"padding-top:0;padding-right:0;padding-bottom:0;padding-left:0;font-size:15px\"><br><strong>Ubuntu n\u2019est pas pour nous un concept th\u00e9orique de r\u00e9f\u00e9rence : c\u2019est une mani\u00e8re de travailler pratique et relationnelle, fond\u00e9e sur le respect, la connexion et la responsabilit\u00e9 partag\u00e9e.<\/strong><\/p>\n<\/div>\n<\/div>\n\n\n\n<div class=\"wp-block-column is-vertically-aligned-top is-layout-constrained wp-block-column-is-layout-constrained\">\n<div class=\"wp-block-group equal-cards has-border-color has-ast-global-color-2-border-color has-ast-global-color-5-background-color has-background is-content-justification-left is-layout-constrained wp-container-core-group-is-layout-f1648990 wp-block-group-is-layout-constrained\" style=\"border-width:5px;border-radius:25px;margin-top:0;margin-bottom:0;padding-top:40px;padding-right:30px;padding-bottom:40px;padding-left:30px;box-shadow:var(--wp--preset--shadow--natural)\">\n<h2 class=\"wp-block-heading alignwide has-text-align-center\" style=\"margin-right:var(--wp--preset--spacing--40);margin-left:var(--wp--preset--spacing--40);padding-top:var(--wp--preset--spacing--50);padding-right:var(--wp--preset--spacing--40);padding-bottom:var(--wp--preset--spacing--50);padding-left:var(--wp--preset--spacing--40);font-size:25px\"><strong><strong><strong><strong><strong><strong>Pourquoi cette approche est essentielle<\/strong><\/strong><\/strong><\/strong><\/strong><\/strong><\/h2>\n\n\n\n<p class=\"has-text-align-left\" style=\"font-size:15px\">Cette mani\u00e8re de travailler permet de garantir que :<\/p>\n\n\n\n<ul style=\"padding-right:var(--wp--preset--spacing--30);padding-left:var(--wp--preset--spacing--30);font-size:15px\" class=\"wp-block-list\">\n<li>les programmes r\u00e9pondent \u00e0 des besoins r\u00e9els et valorisent les capacit\u00e9s locales,<\/li>\n\n\n\n<li>les politiques soient concr\u00e8tes, inclusives et applicables,<\/li>\n\n\n\n<li>les \u00e9quipes se sentent engag\u00e9es, \u00e9cout\u00e9es et responsabilis\u00e9es,<\/li>\n\n\n\n<li>les solutions restent pertinentes dans un monde en rapide \u00e9volution,<\/li>\n\n\n\n<li>les syst\u00e8mes gagnent en r\u00e9silience, en \u00e9quit\u00e9 et en durabilit\u00e9.<\/li>\n<\/ul>\n\n\n\n<p style=\"font-size:15px\"><br>Cette approche renforce la confiance, am\u00e9liore la qualit\u00e9 des programmes et contribue \u00e0 un impact durable \u00e0 long terme.<\/p>\n<\/div>\n<\/div>\n<\/div>","protected":false},"excerpt":{"rendered":"<p>Our work is grounded in the understanding that progress grows through meaningful relationships, shared effort, and collective growth. This perspective shapes how we collaborate with partners and how we design solutions that are ethical, contextualised, and built to last. We approach consulting as a collaborative process, working alongside organisations, communities, and institutions to strengthen capacity [&hellip;]<\/p>\n","protected":false},"author":1,"featured_media":0,"parent":0,"menu_order":0,"comment_status":"closed","ping_status":"closed","template":"","meta":{"_uag_custom_page_level_css":"","site-sidebar-layout":"no-sidebar","site-content-layout":"","ast-site-content-layout":"full-width-container","site-content-style":"default","site-sidebar-style":"default","ast-global-header-display":"","ast-banner-title-visibility":"","ast-main-header-display":"","ast-hfb-above-header-display":"","ast-hfb-below-header-display":"","ast-hfb-mobile-header-display":"","site-post-title":"disabled","ast-breadcrumbs-content":"","ast-featured-img":"","footer-sml-layout":"","ast-disable-related-posts":"","theme-transparent-header-meta":"","adv-header-id-meta":"","stick-header-meta":"","header-above-stick-meta":"","header-main-stick-meta":"","header-below-stick-meta":"","astra-migrate-meta-layouts":"set","ast-page-background-enabled":"default","ast-page-background-meta":{"desktop":{"background-color":"","background-image":"","background-repeat":"repeat","background-position":"center center","background-size":"auto","background-attachment":"scroll","background-type":"","background-media":"","overlay-type":"","overlay-color":"","overlay-opacity":"","overlay-gradient":""},"tablet":{"background-color":"","background-image":"","background-repeat":"repeat","background-position":"center center","background-size":"auto","background-attachment":"scroll","background-type":"","background-media":"","overlay-type":"","overlay-color":"","overlay-opacity":"","overlay-gradient":""},"mobile":{"background-color":"","background-image":"","background-repeat":"repeat","background-position":"center center","background-size":"auto","background-attachment":"scroll","background-type":"","background-media":"","overlay-type":"","overlay-color":"","overlay-opacity":"","overlay-gradient":""}},"ast-content-background-meta":{"desktop":{"background-color":"var(--ast-global-color-5)","background-image":"","background-repeat":"repeat","background-position":"center center","background-size":"auto","background-attachment":"scroll","background-type":"","background-media":"","overlay-type":"","overlay-color":"","overlay-opacity":"","overlay-gradient":""},"tablet":{"background-color":"var(--ast-global-color-5)","background-image":"","background-repeat":"repeat","background-position":"center center","background-size":"auto","background-attachment":"scroll","background-type":"","background-media":"","overlay-type":"","overlay-color":"","overlay-opacity":"","overlay-gradient":""},"mobile":{"background-color":"var(--ast-global-color-5)","background-image":"","background-repeat":"repeat","background-position":"center center","background-size":"auto","background-attachment":"scroll","background-type":"","background-media":"","overlay-type":"","overlay-color":"","overlay-opacity":"","overlay-gradient":""}},"footnotes":""},"class_list":["post-2554","page","type-page","status-publish","hentry"],"uagb_featured_image_src":{"full":false,"thumbnail":false,"medium":false,"medium_large":false,"large":false,"1536x1536":false,"2048x2048":false,"trp-custom-language-flag":false},"uagb_author_info":{"display_name":"derya-kaygisiz@outlook.com","author_link":"https:\/\/edbuntu.ch\/fr\/author\/derya-kaygisizoutlook-com\/"},"uagb_comment_info":0,"uagb_excerpt":"Our work is grounded in the understanding that progress grows through meaningful relationships, shared effort, and collective growth. This perspective shapes how we collaborate with partners and how we design solutions that are ethical, contextualised, and built to last. We approach consulting as a collaborative process, working alongside organisations, communities, and institutions to strengthen capacity\u2026","_links":{"self":[{"href":"https:\/\/edbuntu.ch\/fr\/wp-json\/wp\/v2\/pages\/2554","targetHints":{"allow":["GET"]}}],"collection":[{"href":"https:\/\/edbuntu.ch\/fr\/wp-json\/wp\/v2\/pages"}],"about":[{"href":"https:\/\/edbuntu.ch\/fr\/wp-json\/wp\/v2\/types\/page"}],"author":[{"embeddable":true,"href":"https:\/\/edbuntu.ch\/fr\/wp-json\/wp\/v2\/users\/1"}],"replies":[{"embeddable":true,"href":"https:\/\/edbuntu.ch\/fr\/wp-json\/wp\/v2\/comments?post=2554"}],"version-history":[{"count":46,"href":"https:\/\/edbuntu.ch\/fr\/wp-json\/wp\/v2\/pages\/2554\/revisions"}],"predecessor-version":[{"id":2959,"href":"https:\/\/edbuntu.ch\/fr\/wp-json\/wp\/v2\/pages\/2554\/revisions\/2959"}],"wp:attachment":[{"href":"https:\/\/edbuntu.ch\/fr\/wp-json\/wp\/v2\/media?parent=2554"}],"curies":[{"name":"wp","href":"https:\/\/api.w.org\/{rel}","templated":true}]}}