{"id":2548,"date":"2025-11-19T14:14:33","date_gmt":"2025-11-19T14:14:33","guid":{"rendered":"https:\/\/edbuntu.ch\/?page_id=2548"},"modified":"2026-01-08T18:21:32","modified_gmt":"2026-01-08T18:21:32","slug":"who-we-are","status":"publish","type":"page","link":"https:\/\/edbuntu.ch\/fr\/who-we-are\/","title":{"rendered":"Qui sommes-nous"},"content":{"rendered":"<div class=\"wp-block-cover alignfull has-aspect-ratio\" style=\"min-height:650px;aspect-ratio:16\/9;min-height:unset;\"><img loading=\"lazy\" decoding=\"async\" width=\"1536\" height=\"864\" class=\"wp-block-cover__image-background wp-image-2737 size-full\" alt=\"how we work\" src=\"https:\/\/edbuntu.ch\/wp-content\/uploads\/2025\/11\/how-we-work.png\" style=\"object-position:53% 86%\" data-object-fit=\"cover\" data-object-position=\"53% 86%\" title=\"Qui sommes-nous\" srcset=\"https:\/\/edbuntu.ch\/wp-content\/uploads\/2025\/11\/how-we-work.png 1536w, https:\/\/edbuntu.ch\/wp-content\/uploads\/2025\/11\/how-we-work-300x169.png 300w\" sizes=\"auto, (max-width: 1536px) 100vw, 1536px\" \/><span aria-hidden=\"true\" class=\"wp-block-cover__background has-background-dim-0 has-background-dim\"><\/span><div class=\"wp-block-cover__inner-container is-layout-constrained wp-block-cover-is-layout-constrained\">\n<p class=\"has-text-align-center has-large-font-size\"><\/p>\n<\/div><\/div>\n\n\n\n<div class=\"wp-block-group is-layout-constrained wp-block-group-is-layout-constrained\">\n<div class=\"wp-block-columns is-layout-flex wp-container-core-columns-is-layout-28f84493 wp-block-columns-is-layout-flex\">\n<div class=\"wp-block-column is-layout-constrained wp-block-column-is-layout-constrained\">\n<div class=\"wp-block-group alignfull has-border-color has-ast-global-color-2-border-color has-ast-global-color-5-background-color has-background is-layout-constrained wp-container-core-group-is-layout-b775ea92 wp-block-group-is-layout-constrained\" style=\"border-width:5px;border-radius:25px;margin-top:0;margin-bottom:0;padding-top:40px;padding-right:30px;padding-bottom:40px;padding-left:30px;box-shadow:var(--wp--preset--shadow--natural)\">\n<div class=\"wp-block-uagb-separator uagb-block-d1a926ee wp-block-uagb-separator--text\"><div class=\"wp-block-uagb-separator__inner\" style=\"--my-background-image:\"><div class=\"wp-block-uagb-separator-element\"><h2 class=\"uagb-html-tag\">QUI SOMMES-NOUS<\/h2><\/div><\/div><\/div>\n\n\n\n<p style=\"padding-top:var(--wp--preset--spacing--30);padding-right:0;padding-bottom:var(--wp--preset--spacing--30);padding-left:0\">Bas\u00e9s \u00e0 Gen\u00e8ve, nous \u0153uvrons au renforcement des syst\u00e8mes et programmes \u00e9ducatifs. Nous travaillons en partenariat avec des organisations, des minist\u00e8res, des \u00e9coles et des communaut\u00e9s afin de fa\u00e7onner des environnements d\u2019apprentissage o\u00f9 chaque apprenant peut se d\u00e9velopper avec dignit\u00e9, confiance et perspective d\u2019avenir.<br><br><strong>Notre identit\u00e9 repose sur une conviction simple : l\u2019\u00e9ducation est l\u2019un des leviers de changement les plus puissants, et elle est d\u2019autant plus efficace lorsqu\u2019elle est centr\u00e9e sur l\u2019humain, inclusive et contextualis\u00e9e.<\/strong><br><br>En intervenant dans des contextes vari\u00e9s, nous relions l\u2019exp\u00e9rience pratique du terrain \u00e0 des perspectives organisationnelles et strat\u00e9giques plus larges. Cela nous permet d\u2019accompagner nos partenaires avec des solutions pertinentes, contextualis\u00e9es et durables.<\/p>\n<\/div>\n<\/div>\n<\/div>\n<\/div>\n\n\n\n<div class=\"wp-block-group alignfull has-ast-global-color-0-background-color has-background is-content-justification-center is-layout-constrained wp-container-core-group-is-layout-58564fcd wp-block-group-is-layout-constrained\" style=\"margin-top:0px;margin-bottom:0px\">\n<div class=\"wp-block-uagb-separator uagb-block-75f36d88 wp-block-uagb-separator--text\"><div class=\"wp-block-uagb-separator__inner\" style=\"--my-background-image:\"><div class=\"wp-block-uagb-separator-element\"><h2 class=\"uagb-html-tag\">NOTRE MISSION<\/h2><\/div><\/div><\/div>\n\n\n\n<blockquote class=\"wp-block-quote is-layout-flow wp-block-quote-is-layout-flow\" style=\"padding-right:var(--wp--preset--spacing--20);padding-left:var(--wp--preset--spacing--20)\">\n<p class=\"has-ast-global-color-5-color has-text-color has-link-color wp-elements-6a4d894e411ef4ec1122cb5de1acd2ed\">Notre mission est de fa\u00e7onner des syst\u00e8mes et programmes \u00e9ducatifs capables d\u2019\u00e9voluer avec le monde. Des environnements d\u2019apprentissage centr\u00e9s sur l\u2019humain, ancr\u00e9s dans les communaut\u00e9s, attentifs aux contextes, et guid\u00e9s par la conviction que nous grandissons \u00e0 travers le dialogue, la collaboration et le bien-\u00eatre collectif.<\/p>\n<\/blockquote>\n<\/div>\n\n\n\n<div class=\"wp-block-group has-ast-global-color-0-background-color has-background is-layout-constrained wp-block-group-is-layout-constrained\">\n<div class=\"wp-block-uagb-separator uagb-block-5e4bd266 wp-block-uagb-separator--text\"><div class=\"wp-block-uagb-separator__inner\" style=\"--my-background-image:\"><div class=\"wp-block-uagb-separator-element\"><h2 class=\"uagb-html-tag\">NOTRE VISION<\/h2><\/div><\/div><\/div>\n\n\n\n<blockquote class=\"wp-block-quote is-layout-flow wp-block-quote-is-layout-flow\" style=\"padding-right:0;padding-left:0\">\n<p class=\"has-ast-global-color-5-color has-text-color has-link-color wp-elements-58b2cc925bff40e67635a670c63ed327\">Notre vision est celle d\u2019un monde o\u00f9 l\u2019\u00e9ducation renforce les communaut\u00e9s, \u00e9largit les opportunit\u00e9s et permet \u00e0 chaque apprenant de grandir avec confiance, perspective d\u2019avenir et sentiment d\u2019appartenance.<\/p>\n<\/blockquote>\n<\/div>\n\n\n\n<div class=\"wp-block-group is-layout-constrained wp-block-group-is-layout-constrained\">\n<div class=\"wp-block-columns is-layout-flex wp-container-core-columns-is-layout-28f84493 wp-block-columns-is-layout-flex\">\n<div class=\"wp-block-column is-layout-constrained wp-block-column-is-layout-constrained\">\n<div class=\"wp-block-group alignfull has-border-color has-ast-global-color-2-border-color has-ast-global-color-5-background-color has-background is-layout-constrained wp-container-core-group-is-layout-b775ea92 wp-block-group-is-layout-constrained\" style=\"border-width:5px;border-radius:25px;margin-top:0;margin-bottom:0;padding-top:40px;padding-right:30px;padding-bottom:40px;padding-left:30px;box-shadow:var(--wp--preset--shadow--natural)\">\n<div class=\"wp-block-uagb-separator uagb-block-f3f4030b wp-block-uagb-separator--text\"><div class=\"uagb-separator-spacing-wrapper\"><div class=\"wp-block-uagb-separator__inner\" style=\"--my-background-image:\"><div class=\"wp-block-uagb-separator-element\"><h2 class=\"uagb-html-tag\">NOS PRINCIPES<\/h2><\/div><\/div><\/div><\/div>\n\n\n\n<ul class=\"wp-block-list\">\n<li><strong>Dignit\u00e9 :<\/strong>&nbsp;garantir que chaque apprenant et chaque \u00e9ducateur soit trait\u00e9 avec respect, \u00e9quit\u00e9 et reconnaissance.<\/li>\n\n\n\n<li><strong>Inclusion :<\/strong>&nbsp;co-d\u00e9velopper des programmes et des politiques qui refl\u00e8tent la diversit\u00e9 des r\u00e9alit\u00e9s, des capacit\u00e9s, des cultures et des identit\u00e9s.<\/li>\n\n\n\n<li><strong>Collaboration :<\/strong>&nbsp;construire des solutions fond\u00e9es sur la responsabilit\u00e9 partag\u00e9e et des partenariats porteurs de sens.<\/li>\n\n\n\n<li><strong>Contexte :<\/strong>&nbsp;concevoir des interventions qui tiennent compte des r\u00e9alit\u00e9s, des besoins et des forces des communaut\u00e9s.<\/li>\n\n\n\n<li><strong>Durabilit\u00e9 :<\/strong>&nbsp;soutenir le renforcement des capacit\u00e9s \u00e0 long terme et le changement syst\u00e9mique.<\/li>\n<\/ul>\n<\/div>\n<\/div>\n<\/div>\n<\/div>\n\n\n\n<div class=\"wp-block-group has-ast-global-color-0-background-color has-background is-layout-constrained wp-block-group-is-layout-constrained\">\n<div class=\"wp-block-uagb-separator uagb-block-56bc489b wp-block-uagb-separator--text\"><div class=\"wp-block-uagb-separator__inner\" style=\"--my-background-image:\"><div class=\"wp-block-uagb-separator-element\"><h2 class=\"uagb-html-tag\">POURQUOI EDBUNTU<\/h2><\/div><\/div><\/div>\n\n\n\n<ul style=\"padding-top:var(--wp--preset--spacing--40);padding-right:var(--wp--preset--spacing--70);padding-bottom:var(--wp--preset--spacing--40);padding-left:var(--wp--preset--spacing--70)\" class=\"wp-block-list has-ast-global-color-5-color has-text-color has-link-color wp-elements-f032a9924e5bc03eba53fde7e88aaa74\">\n<li>Une philosophie centr\u00e9e sur l\u2019humain, pla\u00e7ant la dignit\u00e9 au c\u0153ur de l\u2019action<\/li>\n\n\n\n<li>Une expertise reconnue en \u00e9ducation, protection de l\u2019enfance et programmes de d\u00e9veloppement des jeunes<\/li>\n\n\n\n<li>Une exp\u00e9rience solide reliant les r\u00e9alit\u00e9s du terrain \u00e0 des perspectives organisationnelles et strat\u00e9giques plus larges<\/li>\n\n\n\n<li>Une approche de consulting collaborative, reposant sur la co-cr\u00e9ation et des partenariats engag\u00e9s<\/li>\n\n\n\n<li>Un engagement en faveur de solutions \u00e9thiques et durables, con\u00e7ues et mises en \u0153uvre avec les communaut\u00e9s<\/li>\n<\/ul>\n\n\n\n<p class=\"has-ast-global-color-5-color has-text-color has-link-color wp-elements-89c86092e2b47d5488a67d9c3e6cfa9b\">Notre exp\u00e9rience s\u2019\u00e9tend de la mise en \u0153uvre op\u00e9rationnelle sur le terrain au d\u00e9veloppement strat\u00e9gique de programmes et de politiques, ce qui nous permet de comprendre les r\u00e9alit\u00e9s du terrain tout en appr\u00e9hendant des enjeux organisationnels et strat\u00e9giques plus larges. Cette double perspective renforce notre capacit\u00e9 \u00e0 concevoir des solutions pertinentes, ancr\u00e9es dans la r\u00e9alit\u00e9 et d\u00e9ployables \u00e0 plus grande \u00e9chelle.<\/p>\n<\/div>\n\n\n\n<div class=\"wp-block-group has-ast-global-color-0-background-color has-background is-layout-constrained wp-block-group-is-layout-constrained\">\n<div class=\"wp-block-uagb-separator uagb-block-5498a839 wp-block-uagb-separator--text\"><div class=\"wp-block-uagb-separator__inner\" style=\"--my-background-image:\"><div class=\"wp-block-uagb-separator-element\"><h2 class=\"uagb-html-tag\">AVEC QUI NOUS TRAVAILLONS<\/h2><\/div><\/div><\/div>\n\n\n\n<div class=\"wp-block-group is-layout-constrained wp-container-core-group-is-layout-7db9d80f wp-block-group-is-layout-constrained\" style=\"padding-right:0;padding-left:0\">\n<ul style=\"padding-top:var(--wp--preset--spacing--40);padding-right:var(--wp--preset--spacing--70);padding-bottom:var(--wp--preset--spacing--40);padding-left:var(--wp--preset--spacing--70)\" class=\"wp-block-list has-ast-global-color-5-color has-text-color has-link-color wp-elements-c150ca3e5a3acd567bb5722da31a0734\">\n<li>ONG internationales et locales<\/li>\n\n\n\n<li>Agences des Nations Unies et acteurs humanitaires<\/li>\n\n\n\n<li>Minist\u00e8res de l\u2019\u00c9ducation et institutions publiques<\/li>\n\n\n\n<li>\u00c9coles<\/li>\n\n\n\n<li>Fondations et organisations sp\u00e9cialis\u00e9es dans l\u2019\u00e9ducation<\/li>\n\n\n\n<li>Groupes et r\u00e9seaux communautaires<\/li>\n<\/ul>\n<\/div>\n<\/div>","protected":false},"excerpt":{"rendered":"<p>Based in Geneva, we aim to strengthen education systems and programmes. We partner with organisations, ministries, schools, and communities to shape learning environments where every learner can grow with dignity, confidence, and purpose. Our identity is driven by a simple conviction: education is one of the most powerful drivers of change, and it is most [&hellip;]<\/p>\n","protected":false},"author":1,"featured_media":0,"parent":0,"menu_order":0,"comment_status":"closed","ping_status":"closed","template":"","meta":{"_uag_custom_page_level_css":"","site-sidebar-layout":"default","site-content-layout":"","ast-site-content-layout":"full-width-container","site-content-style":"default","site-sidebar-style":"default","ast-global-header-display":"","ast-banner-title-visibility":"","ast-main-header-display":"","ast-hfb-above-header-display":"","ast-hfb-below-header-display":"","ast-hfb-mobile-header-display":"","site-post-title":"disabled","ast-breadcrumbs-content":"","ast-featured-img":"","footer-sml-layout":"","ast-disable-related-posts":"","theme-transparent-header-meta":"","adv-header-id-meta":"","stick-header-meta":"","header-above-stick-meta":"","header-main-stick-meta":"","header-below-stick-meta":"","astra-migrate-meta-layouts":"set","ast-page-background-enabled":"default","ast-page-background-meta":{"desktop":{"background-color":"","background-image":"","background-repeat":"repeat","background-position":"center center","background-size":"auto","background-attachment":"scroll","background-type":"","background-media":"","overlay-type":"","overlay-color":"","overlay-opacity":"","overlay-gradient":""},"tablet":{"background-color":"","background-image":"","background-repeat":"repeat","background-position":"center center","background-size":"auto","background-attachment":"scroll","background-type":"","background-media":"","overlay-type":"","overlay-color":"","overlay-opacity":"","overlay-gradient":""},"mobile":{"background-color":"","background-image":"","background-repeat":"repeat","background-position":"center center","background-size":"auto","background-attachment":"scroll","background-type":"","background-media":"","overlay-type":"","overlay-color":"","overlay-opacity":"","overlay-gradient":""}},"ast-content-background-meta":{"desktop":{"background-color":"var(--ast-global-color-5)","background-image":"","background-repeat":"repeat","background-position":"center center","background-size":"auto","background-attachment":"scroll","background-type":"","background-media":"","overlay-type":"","overlay-color":"","overlay-opacity":"","overlay-gradient":""},"tablet":{"background-color":"var(--ast-global-color-5)","background-image":"","background-repeat":"repeat","background-position":"center center","background-size":"auto","background-attachment":"scroll","background-type":"","background-media":"","overlay-type":"","overlay-color":"","overlay-opacity":"","overlay-gradient":""},"mobile":{"background-color":"var(--ast-global-color-5)","background-image":"","background-repeat":"repeat","background-position":"center center","background-size":"auto","background-attachment":"scroll","background-type":"","background-media":"","overlay-type":"","overlay-color":"","overlay-opacity":"","overlay-gradient":""}},"footnotes":""},"class_list":["post-2548","page","type-page","status-publish","hentry"],"uagb_featured_image_src":{"full":false,"thumbnail":false,"medium":false,"medium_large":false,"large":false,"1536x1536":false,"2048x2048":false,"trp-custom-language-flag":false},"uagb_author_info":{"display_name":"derya-kaygisiz@outlook.com","author_link":"https:\/\/edbuntu.ch\/fr\/author\/derya-kaygisizoutlook-com\/"},"uagb_comment_info":0,"uagb_excerpt":"Based in Geneva, we aim to strengthen education systems and programmes. We partner with organisations, ministries, schools, and communities to shape learning environments where every learner can grow with dignity, confidence, and purpose. Our identity is driven by a simple conviction: education is one of the most powerful drivers of change, and it is most\u2026","_links":{"self":[{"href":"https:\/\/edbuntu.ch\/fr\/wp-json\/wp\/v2\/pages\/2548","targetHints":{"allow":["GET"]}}],"collection":[{"href":"https:\/\/edbuntu.ch\/fr\/wp-json\/wp\/v2\/pages"}],"about":[{"href":"https:\/\/edbuntu.ch\/fr\/wp-json\/wp\/v2\/types\/page"}],"author":[{"embeddable":true,"href":"https:\/\/edbuntu.ch\/fr\/wp-json\/wp\/v2\/users\/1"}],"replies":[{"embeddable":true,"href":"https:\/\/edbuntu.ch\/fr\/wp-json\/wp\/v2\/comments?post=2548"}],"version-history":[{"count":32,"href":"https:\/\/edbuntu.ch\/fr\/wp-json\/wp\/v2\/pages\/2548\/revisions"}],"predecessor-version":[{"id":2938,"href":"https:\/\/edbuntu.ch\/fr\/wp-json\/wp\/v2\/pages\/2548\/revisions\/2938"}],"wp:attachment":[{"href":"https:\/\/edbuntu.ch\/fr\/wp-json\/wp\/v2\/media?parent=2548"}],"curies":[{"name":"wp","href":"https:\/\/api.w.org\/{rel}","templated":true}]}}