{"id":2486,"date":"2025-11-19T11:28:35","date_gmt":"2025-11-19T11:28:35","guid":{"rendered":"https:\/\/edbuntu.ch\/?page_id=2486"},"modified":"2026-01-13T10:37:27","modified_gmt":"2026-01-13T10:37:27","slug":"home","status":"publish","type":"page","link":"https:\/\/edbuntu.ch\/fr\/","title":{"rendered":"Accueil"},"content":{"rendered":"<div class=\"wp-block-uagb-container uagb-block-009fb4d1 alignfull uagb-is-root-container\">\n<div class=\"wp-block-cover alignfull has-custom-content-position is-position-top-center has-aspect-ratio\" style=\"padding-top:0;padding-right:0;padding-bottom:0;padding-left:0;min-height:100vh;aspect-ratio:16\/9;min-height:unset;\"><img loading=\"lazy\" decoding=\"async\" width=\"1536\" height=\"864\" class=\"wp-block-cover__image-background wp-image-2588 size-full\" alt=\"adobe express file (5)\" src=\"https:\/\/edbuntu.ch\/wp-content\/uploads\/2025\/11\/Adobe-Express-file-5.png\" style=\"object-position:52% 100%\" data-object-fit=\"cover\" data-object-position=\"52% 100%\" title=\"Accueil\" srcset=\"https:\/\/edbuntu.ch\/wp-content\/uploads\/2025\/11\/Adobe-Express-file-5.png 1536w, https:\/\/edbuntu.ch\/wp-content\/uploads\/2025\/11\/Adobe-Express-file-5-300x169.png 300w, https:\/\/edbuntu.ch\/wp-content\/uploads\/2025\/11\/Adobe-Express-file-5-1024x576.png 1024w, https:\/\/edbuntu.ch\/wp-content\/uploads\/2025\/11\/Adobe-Express-file-5-768x432.png 768w\" sizes=\"auto, (max-width: 1536px) 100vw, 1536px\" \/><span aria-hidden=\"true\" class=\"wp-block-cover__background has-background-dim\"><\/span><div class=\"wp-block-cover__inner-container is-layout-constrained wp-container-core-cover-is-layout-3abff909 wp-block-cover-is-layout-constrained\">\n<div class=\"wp-block-columns is-layout-flex wp-container-core-columns-is-layout-28f84493 wp-block-columns-is-layout-flex\">\n<div class=\"wp-block-column is-layout-constrained wp-block-column-is-layout-constrained\" style=\"flex-basis:66.66%\">\n<div class=\"wp-block-uagb-advanced-heading uagb-block-7f72dacf\"><h2 class=\"uagb-heading-text\"><strong>Consulting centr\u00e9 sur l\u2019humain pour accompagner le changement<\/strong><\/h2><\/div>\n\n\n\n<p class=\"has-ast-global-color-5-color has-text-color has-link-color wp-elements-6fd12d57d83fdad322fbe84cd566e658\" style=\"padding-right:var(--wp--preset--spacing--20);padding-left:var(--wp--preset--spacing--20);font-size:20px\">\u00c0 travers une collaboration fond\u00e9e sur le partenariat, nous accompagnons les acteurs de l\u2019\u00e9ducation dans la conception d\u2019environnements d\u2019apprentissage permettant \u00e0 chaque apprenant de se d\u00e9velopper avec dignit\u00e9, confiance et perspective d\u2019avenir, dans un monde en transformation<\/p>\n\n\n\n<div class=\"wp-block-buttons is-content-justification-right is-layout-flex wp-container-core-buttons-is-layout-de7db2e1 wp-block-buttons-is-layout-flex\" style=\"padding-right:var(--wp--preset--spacing--50);padding-left:var(--wp--preset--spacing--50)\">\n<div class=\"wp-block-button is-style-fill\"><a class=\"wp-block-button__link wp-element-button\" href=\"https:\/\/edbuntu.ch\/fr\/who-we-are\/\">Qui sommes-nous<\/a><\/div>\n<\/div>\n<\/div>\n\n\n\n<div class=\"wp-block-column is-layout-constrained wp-block-column-is-layout-constrained\" style=\"flex-basis:33.33%\"><\/div>\n<\/div>\n<\/div><\/div>\n<\/div>\n\n\n\n<div class=\"wp-block-uagb-container uagb-block-b93574a3 alignfull uagb-is-root-container\"><div class=\"uagb-container-inner-blocks-wrap\">\n<div class=\"wp-block-group has-ast-global-color-0-background-color has-background is-layout-constrained wp-container-core-group-is-layout-19e250f3 wp-block-group-is-layout-constrained\">\n<div class=\"wp-block-uagb-separator uagb-block-b7751124 wp-block-uagb-separator--text\"><div class=\"uagb-separator-spacing-wrapper\"><div class=\"wp-block-uagb-separator__inner\" style=\"--my-background-image:\"><div class=\"wp-block-uagb-separator-element\"><h2 class=\"uagb-html-tag\">NOS SERVICES<\/h2><\/div><\/div><\/div><\/div>\n\n\n\n<div class=\"wp-block-columns equal-services is-layout-flex wp-container-core-columns-is-layout-28f84493 wp-block-columns-is-layout-flex\">\n<div class=\"wp-block-column is-vertically-aligned-stretch is-layout-constrained wp-block-column-is-layout-constrained\">\n<div class=\"wp-block-group has-border-color has-ast-global-color-2-border-color has-ast-global-color-5-background-color has-background is-layout-constrained wp-container-core-group-is-layout-b775ea92 wp-block-group-is-layout-constrained\" style=\"border-width:5px;border-radius:25px;margin-top:0;margin-bottom:0;padding-top:40px;padding-right:30px;padding-bottom:40px;padding-left:30px;box-shadow:var(--wp--preset--shadow--natural)\">      \n\t\t\t<div class=\"uagb-icon-wrapper uagb-block-1dab5cb6\"\n\t\t\tstyle=\"\" >\n\t\t\t\t\t\t\t\t\t<span class=\"uagb-svg-wrapper\" \n\t\t\t\t\t aria-label=\"person-chalkboard\"\t\t\t\t\ttabindex=\"0\">\t\t\n\t\t\t\t\t\t\t\t\t\t<a rel=\"noopener noreferrer\" href=\"https:\/\/edbuntu.ch\/fr\/services\/\" target=\"_self\"><svg xmlns=\"https:\/\/www.w3.org\/2000\/svg\" viewbox= \"0 0 640 512\" role=\"graphics-symbol\" aria-hidden=\"false\" aria-label=\"\"><path d=\"M144 48C144 21.49 165.5 0 192 0C218.5 0 240 21.49 240 48C240 74.51 218.5 96 192 96C165.5 96 144 74.51 144 48zM152 512C134.3 512 120 497.7 120 480V256.9L91.43 304.5C82.33 319.6 62.67 324.5 47.52 315.4C32.37 306.3 27.47 286.7 36.58 271.5L94.85 174.6C112.2 145.7 143.4 128 177.1 128H320V48C320 21.49 341.5 .0003 368 .0003H592C618.5 .0003 640 21.49 640 48V272C640 298.5 618.5 320 592 320H368C341.5 320 320 298.5 320 272V224H384V256H576V64H384V128H400C417.7 128 432 142.3 432 160C432 177.7 417.7 192 400 192H264V480C264 497.7 249.7 512 232 512C214.3 512 200 497.7 200 480V352H184V480C184 497.7 169.7 512 152 512L152 512z\"><\/path><\/svg><\/a>\n\t\t\t\t\t\t\t\t\t<\/span>\n\t\t\t\t\t\t\t<\/div>\n\t\t\t\n\n\n<h2 class=\"wp-block-heading has-text-align-center\" style=\"padding-top:var(--wp--preset--spacing--50);padding-bottom:var(--wp--preset--spacing--50);font-size:20px\"><strong>Consulting<\/strong><\/h2>\n\n\n\n<p style=\"font-size:15px\">Nous accompagnons nos partenaires dans le renforcement des syst\u00e8mes et programmes d\u2019\u00e9ducation et de protection de l\u2019enfance, notamment \u00e0 travers :<\/p>\n\n\n\n<ul style=\"padding-top:0;padding-right:var(--wp--preset--spacing--30);padding-bottom:0;padding-left:var(--wp--preset--spacing--30);font-size:15px\" class=\"wp-block-list\">\n<li>Conseil strat\u00e9gique<\/li>\n\n\n\n<li>Conception de programmes<\/li>\n\n\n\n<li>Suivi, \u00e9valuation et apprentissage (MEAL)<\/li>\n\n\n\n<li>\u00c9ducation en situations d\u2019urgence (EiE)<\/li>\n\n\n\n<li>Int\u00e9gration de la protection de l\u2019enfance et sauvegarde de l\u2019enfant<\/li>\n\n\n\n<li>Mobilisation des bailleurs et d\u00e9veloppement de propositions<\/li>\n\n\n\n<li style=\"margin-top:0;margin-bottom:0\">Expertise transversale : inclusion, diversit\u00e9, localisation<\/li>\n<\/ul>\n\n\n\n<p style=\"padding-top:0;padding-right:0;padding-bottom:0;padding-left:0;font-size:15px\"><br>Notre consulting renforce la qualit\u00e9 des programmes, soutient une prise de d\u00e9cision fond\u00e9e sur des donn\u00e9es probantes et aide nos partenaires \u00e0 produire un impact durable.<\/p>\n<\/div>\n<\/div>\n\n\n\n<div class=\"wp-block-column is-vertically-aligned-stretch is-layout-constrained wp-block-column-is-layout-constrained\">\n<div class=\"wp-block-group alignfull has-border-color has-ast-global-color-2-border-color has-ast-global-color-5-background-color has-background is-layout-constrained wp-container-core-group-is-layout-b775ea92 wp-block-group-is-layout-constrained\" style=\"border-width:5px;border-radius:25px;margin-top:0;margin-bottom:0;padding-top:40px;padding-right:30px;padding-bottom:40px;padding-left:30px;box-shadow:var(--wp--preset--shadow--natural)\">      \n\t\t\t<div class=\"uagb-icon-wrapper uagb-block-b867b4e9\"\n\t\t\tstyle=\"\" >\n\t\t\t\t\t\t\t\t\t<span class=\"uagb-svg-wrapper\" \n\t\t\t\t\t aria-label=\"lightbulb\"\t\t\t\t\ttabindex=\"0\">\t\t\n\t\t\t\t\t\t\t\t\t\t<a rel=\"noopener noreferrer\" href=\"https:\/\/edbuntu.ch\/fr\/services\/\" target=\"_self\"><svg xmlns=\"https:\/\/www.w3.org\/2000\/svg\" viewbox= \"0 0 384 512\" role=\"graphics-symbol\" aria-hidden=\"false\" aria-label=\"\"><path d=\"M112.1 454.3c0 6.297 1.816 12.44 5.284 17.69l17.14 25.69c5.25 7.875 17.17 14.28 26.64 14.28h61.67c9.438 0 21.36-6.401 26.61-14.28l17.08-25.68c2.938-4.438 5.348-12.37 5.348-17.7L272 415.1h-160L112.1 454.3zM191.4 .0132C89.44 .3257 16 82.97 16 175.1c0 44.38 16.44 84.84 43.56 115.8c16.53 18.84 42.34 58.23 52.22 91.45c.0313 .25 .0938 .5166 .125 .7823h160.2c.0313-.2656 .0938-.5166 .125-.7823c9.875-33.22 35.69-72.61 52.22-91.45C351.6 260.8 368 220.4 368 175.1C368 78.61 288.9-.2837 191.4 .0132zM192 96.01c-44.13 0-80 35.89-80 79.1C112 184.8 104.8 192 96 192S80 184.8 80 176c0-61.76 50.25-111.1 112-111.1c8.844 0 16 7.159 16 16S200.8 96.01 192 96.01z\"><\/path><\/svg><\/a>\n\t\t\t\t\t\t\t\t\t<\/span>\n\t\t\t\t\t\t\t<\/div>\n\t\t\t\n\n\n<h2 class=\"wp-block-heading has-text-align-center\" style=\"padding-top:var(--wp--preset--spacing--50);padding-bottom:var(--wp--preset--spacing--50);font-size:20px\"><strong><strong>Comp\u00e9tences &amp; Innovation<\/strong><\/strong><\/h2>\n\n\n\n<p class=\"has-ast-global-color-0-color has-text-color has-link-color wp-elements-f500699aa49cb0dd81a457ebd581a1a1\" style=\"font-size:15px\">Nous accompagnons les \u00e9coles, les minist\u00e8res et les institutions dans l\u2019int\u00e9gration de comp\u00e9tences modernes, ancr\u00e9es dans les r\u00e9alit\u00e9s du monde contemporain, au sein de leurs environnements d\u2019apprentissage, notamment \u00e0 travers :<\/p>\n\n\n\n<ul style=\"padding-top:0;padding-right:var(--wp--preset--spacing--30);padding-bottom:0;padding-left:var(--wp--preset--spacing--30);font-size:15px\" class=\"wp-block-list\">\n<li>Comp\u00e9tences num\u00e9riques et analytiques<\/li>\n\n\n\n<li>\u00c9ducation financi\u00e8re<\/li>\n\n\n\n<li>Comp\u00e9tences entrepreneuriales<\/li>\n\n\n\n<li>Leadership, collaboration et r\u00e9solution de probl\u00e8mes<\/li>\n\n\n\n<li>Sensibilisation \u00e0 l\u2019interculturalit\u00e9 et \u00e0 la citoyennet\u00e9 mondiale<\/li>\n<\/ul>\n\n\n\n<p style=\"font-size:15px\"><strong><br><\/strong>Ces exp\u00e9riences d\u2019apprentissage aident les jeunes \u00e0 \u00e9voluer dans un monde en constante \u00e9volution avec confiance, capacit\u00e9 d\u2019adaptation et perspective d\u2019avenir.<\/p>\n<\/div>\n<\/div>\n\n\n\n<div class=\"wp-block-column is-vertically-aligned-stretch equal-services is-layout-constrained wp-block-column-is-layout-constrained\">\n<div class=\"wp-block-group alignfull has-border-color has-ast-global-color-2-border-color has-ast-global-color-5-background-color has-background is-layout-constrained wp-container-core-group-is-layout-b775ea92 wp-block-group-is-layout-constrained\" style=\"border-width:5px;border-radius:25px;margin-top:0;margin-bottom:0;padding-top:40px;padding-right:30px;padding-bottom:40px;padding-left:30px;box-shadow:var(--wp--preset--shadow--natural)\">      \n\t\t\t<div class=\"uagb-icon-wrapper uagb-block-359c04be\"\n\t\t\tstyle=\"\" >\n\t\t\t\t\t\t\t\t\t<span class=\"uagb-svg-wrapper\" \n\t\t\t\t\t aria-label=\"handshake-simple\"\t\t\t\t\ttabindex=\"0\">\t\t\n\t\t\t\t\t\t\t\t\t\t<a rel=\"noopener noreferrer\" href=\"https:\/\/edbuntu.ch\/fr\/services\/\" target=\"_self\"><svg xmlns=\"https:\/\/www.w3.org\/2000\/svg\" viewbox= \"0 0 640 512\" role=\"graphics-symbol\" aria-hidden=\"false\" aria-label=\"\"><path d=\"M334.6 217.4l-30 27.49C264 282.1 217.8 256.8 202.9 240.6C176 211.2 178.1 165.7 207.3 138.9L289.1 64H282.5C224.7 64 169.1 86.95 128.2 127.8L32 128.1c-17.6 0-32 14.39-32 31.98v159.8c0 17.59 14.4 32.04 31.1 32.04l114.3-.0604l90.5 81.82c27.5 22.37 67.75 18.11 90-9.255l18.12 15.25c15.88 12.1 39.38 10.5 52.38-5.369l31.38-38.6l5.374 4.498c13.75 11 33.88 9.002 45-4.748l9.576-11.83c11.08-13.7 8.979-33.75-4.701-44.86L334.6 217.4zM608 128.1l-96-.1257c-40.98-40.96-96.56-63.88-154.5-63.88L348.9 64c-8 0-15.62 3.197-21.62 8.568L229 162.3C228.9 162.5 228.8 162.7 228.8 162.7C212 178.5 212.4 203.3 226.6 218.7c9.625 10.5 35 21.62 56.13 2.75c0-.125 .25-.125 .375-.25l80-73.1c6.5-5.871 16.62-5.496 22.62 1s5.5 16.62-1 22.62l-26.12 23.87l145.6 118.1c12.12 9.992 19.5 23.49 22.12 37.98L608 351.7c17.6 0 32-14.38 32-31.98V160.1C640 142.4 625.7 128.1 608 128.1z\"><\/path><\/svg><\/a>\n\t\t\t\t\t\t\t\t\t<\/span>\n\t\t\t\t\t\t\t<\/div>\n\t\t\t\n\n\n<h2 class=\"wp-block-heading has-text-align-center\" style=\"padding-top:var(--wp--preset--spacing--50);padding-bottom:var(--wp--preset--spacing--50);font-size:20px\"><strong><strong>Co-cr\u00e9ation<\/strong><\/strong><\/h2>\n\n\n\n<p style=\"font-size:15px\">Des communaut\u00e9s b\u00e9n\u00e9ficiaires aux communaut\u00e9s leaders. Nous concevons des solutions&nbsp;<em>avec <\/em>les communaut\u00e9s, \u00e0 travers : <\/p>\n\n\n\n<ul style=\"padding-top:0;padding-right:var(--wp--preset--spacing--30);padding-bottom:0;padding-left:var(--wp--preset--spacing--30);font-size:15px\" class=\"wp-block-list\">\n<li>Processus participatifs de co-conception<\/li>\n\n\n\n<li>Adaptation contextualis\u00e9e des curricula et des contenus<\/li>\n\n\n\n<li>D\u00e9veloppement de programmes port\u00e9s par les communaut\u00e9s<\/li>\n\n\n\n<li>Approche centr\u00e9e sur l\u2019humain<\/li>\n\n\n\n<li>Collaboration multi-acteurs et conception de partenariats<\/li>\n\n\n\n<li>Analyses et \u00e9valuations contextuelles<\/li>\n<\/ul>\n\n\n\n<p style=\"font-size:15px\"><br>En renfor\u00e7ant l\u2019expertise locale et le partage de la responsabilit\u00e9, nous concevons des solutions pertinentes, inclusives et durables.<\/p>\n<\/div>\n<\/div>\n<\/div>\n<\/div>\n<\/div><a class=\"spectra-container-link-overlay\" rel=\"noopener\" href=\"https:\/\/edbuntu.ch\/fr\/services\/\"> <\/a><\/div>\n\n\n\n<div class=\"wp-block-uagb-container uagb-block-66218c2a alignfull uagb-is-root-container\"><div class=\"uagb-container-inner-blocks-wrap\">\n<div class=\"wp-block-group has-ast-global-color-5-color has-ast-global-color-0-background-color has-text-color has-background is-layout-constrained wp-container-core-group-is-layout-b775ea92 wp-block-group-is-layout-constrained\" style=\"border-style:none;border-width:0px;border-radius:25px;margin-top:0;margin-bottom:0;padding-top:40px;padding-right:30px;padding-bottom:40px;padding-left:30px;box-shadow:none\">\n<div class=\"wp-block-uagb-separator uagb-block-1776f3a5 wp-block-uagb-separator--text\"><div class=\"uagb-separator-spacing-wrapper\"><div class=\"wp-block-uagb-separator__inner\" style=\"--my-background-image:\"><div class=\"wp-block-uagb-separator-element\"><h2 class=\"uagb-html-tag\">NOTRE APPROCHE<\/h2><\/div><\/div><\/div><\/div>\n\n\n\n<div class=\"wp-block-group is-layout-constrained wp-container-core-group-is-layout-7db9d80f wp-block-group-is-layout-constrained\" style=\"padding-right:0;padding-left:0\">\n<p style=\"padding-right:0;padding-left:0;font-size:17px\">Notre m\u00e9thodologie repose sur la philosophie Ubuntu, qui reconna\u00eet que le progr\u00e8s se construit \u00e0 travers la relation, la responsabilit\u00e9 partag\u00e9e et le d\u00e9veloppement collectif. En pratique, cela se traduit par :<\/p>\n\n\n\n<ul style=\"margin-right:0;margin-left:0;padding-top:0;padding-right:var(--wp--preset--spacing--20);padding-bottom:0;padding-left:var(--wp--preset--spacing--20);font-size:17px\" class=\"wp-block-list\">\n<li>Dialogue et collaboration<\/li>\n\n\n\n<li>Valorisation de l\u2019expertise locale et des r\u00e9alit\u00e9s propres \u00e0 chaque contexte<\/li>\n\n\n\n<li>Des d\u00e9cisions guid\u00e9es par le respect de la dignit\u00e9, de l\u2019inclusion et de la redevabilit\u00e9<\/li>\n\n\n\n<li>Investissement dans le renforcement des capacit\u00e9s \u00e0 long terme plut\u00f4t que dans des r\u00e9sultats \u00e0 court terme<\/li>\n\n\n\n<li>Conception de solutions ancr\u00e9es dans les exp\u00e9riences du quotidien, les d\u00e9fis et les forces des communaut\u00e9s<\/li>\n<\/ul>\n\n\n\n<p style=\"margin-right:0rem;margin-left:0rem;padding-right:0;padding-left:0;font-size:17px\"><br>Chaque partenariat repose sur un processus de co-cr\u00e9ation fond\u00e9 sur la confiance, l\u2019\u00e9coute et la responsabilit\u00e9 partag\u00e9e.<\/p>\n<\/div>\n<\/div>\n<\/div><a class=\"spectra-container-link-overlay\" rel=\"noopener\" href=\"https:\/\/edbuntu.ch\/fr\/how-we-work\/\"> <\/a><\/div>\n\n\n\n<div class=\"wp-block-uagb-container uagb-block-cfa5aae2 alignfull uagb-is-root-container\"><div class=\"uagb-container-inner-blocks-wrap\">\n<div class=\"wp-block-group has-ast-global-color-5-color has-ast-global-color-0-background-color has-text-color has-background is-layout-constrained wp-container-core-group-is-layout-b775ea92 wp-block-group-is-layout-constrained\" style=\"border-style:none;border-width:0px;border-radius:25px;margin-top:0;margin-bottom:0;padding-top:40px;padding-right:30px;padding-bottom:40px;padding-left:30px;box-shadow:none\">\n<div class=\"wp-block-uagb-separator uagb-block-7ef659df wp-block-uagb-separator--text\"><div class=\"uagb-separator-spacing-wrapper\"><div class=\"wp-block-uagb-separator__inner\" style=\"--my-background-image:\"><div class=\"wp-block-uagb-separator-element\"><h2 class=\"uagb-html-tag\">POURQUOI EDBUNTU<\/h2><\/div><\/div><\/div><\/div>\n\n\n\n<div class=\"wp-block-group is-layout-constrained wp-container-core-group-is-layout-c9115f92 wp-block-group-is-layout-constrained\" style=\"padding-right:var(--wp--preset--spacing--20);padding-left:var(--wp--preset--spacing--20)\">\n<ul style=\"padding-top:var(--wp--preset--spacing--60);padding-right:0;padding-bottom:var(--wp--preset--spacing--60);padding-left:0;font-size:17px\" class=\"wp-block-list\">\n<li style=\"padding-top:0;padding-bottom:0\">Une philosophie centr\u00e9e sur l\u2019humain, pla\u00e7ant la dignit\u00e9 au c\u0153ur de l\u2019action<\/li>\n\n\n\n<li>Une expertise reconnue en \u00e9ducation, protection de l\u2019enfance et programmes de d\u00e9veloppement des jeunes<\/li>\n\n\n\n<li>Une exp\u00e9rience solide reliant les r\u00e9alit\u00e9s du terrain \u00e0 des perspectives organisationnelles et strat\u00e9giques plus larges<\/li>\n\n\n\n<li>Une approche de consulting collaborative, reposant sur la co-cr\u00e9ation et des partenariats engag\u00e9s<\/li>\n\n\n\n<li>Un engagement en faveur de solutions \u00e9thiques et durables, con\u00e7ues et mises en \u0153uvre avec les communaut\u00e9s<\/li>\n<\/ul>\n<\/div>\n<\/div>\n<\/div><a class=\"spectra-container-link-overlay\" rel=\"noopener\" href=\"https:\/\/edbuntu.ch\/fr\/who-we-are\/\"> <\/a><\/div>","protected":false},"excerpt":{"rendered":"<p>Consulting We help partners strengthen education and child protection systems and programmes through: Our consulting strengthens programme quality, supports evidence-based decision-making, and helps partners deliver sustainable impact. Skills &amp; Innovation We support schools, ministries, and institutions to integrate modern, real-world competencies into their learning environments, through: These learning experiences help young people navigate a fast-changing [&hellip;]<\/p>\n","protected":false},"author":1,"featured_media":0,"parent":0,"menu_order":0,"comment_status":"closed","ping_status":"closed","template":"","meta":{"_uag_custom_page_level_css":"","site-sidebar-layout":"default","site-content-layout":"","ast-site-content-layout":"full-width-container","site-content-style":"default","site-sidebar-style":"default","ast-global-header-display":"","ast-banner-title-visibility":"","ast-main-header-display":"","ast-hfb-above-header-display":"","ast-hfb-below-header-display":"","ast-hfb-mobile-header-display":"","site-post-title":"disabled","ast-breadcrumbs-content":"","ast-featured-img":"","footer-sml-layout":"","ast-disable-related-posts":"","theme-transparent-header-meta":"","adv-header-id-meta":"","stick-header-meta":"","header-above-stick-meta":"","header-main-stick-meta":"","header-below-stick-meta":"","astra-migrate-meta-layouts":"set","ast-page-background-enabled":"default","ast-page-background-meta":{"desktop":{"background-color":"","background-image":"","background-repeat":"repeat","background-position":"center center","background-size":"auto","background-attachment":"scroll","background-type":"","background-media":"","overlay-type":"","overlay-color":"","overlay-opacity":"","overlay-gradient":""},"tablet":{"background-color":"","background-image":"","background-repeat":"repeat","background-position":"center center","background-size":"auto","background-attachment":"scroll","background-type":"","background-media":"","overlay-type":"","overlay-color":"","overlay-opacity":"","overlay-gradient":""},"mobile":{"background-color":"","background-image":"","background-repeat":"repeat","background-position":"center center","background-size":"auto","background-attachment":"scroll","background-type":"","background-media":"","overlay-type":"","overlay-color":"","overlay-opacity":"","overlay-gradient":""}},"ast-content-background-meta":{"desktop":{"background-color":"var(--ast-global-color-5)","background-image":"","background-repeat":"repeat","background-position":"center center","background-size":"auto","background-attachment":"scroll","background-type":"","background-media":"","overlay-type":"","overlay-color":"","overlay-opacity":"","overlay-gradient":""},"tablet":{"background-color":"var(--ast-global-color-5)","background-image":"","background-repeat":"repeat","background-position":"center center","background-size":"auto","background-attachment":"scroll","background-type":"","background-media":"","overlay-type":"","overlay-color":"","overlay-opacity":"","overlay-gradient":""},"mobile":{"background-color":"var(--ast-global-color-5)","background-image":"","background-repeat":"repeat","background-position":"center center","background-size":"auto","background-attachment":"scroll","background-type":"","background-media":"","overlay-type":"","overlay-color":"","overlay-opacity":"","overlay-gradient":""}},"footnotes":""},"class_list":["post-2486","page","type-page","status-publish","hentry"],"uagb_featured_image_src":{"full":false,"thumbnail":false,"medium":false,"medium_large":false,"large":false,"1536x1536":false,"2048x2048":false,"trp-custom-language-flag":false},"uagb_author_info":{"display_name":"derya-kaygisiz@outlook.com","author_link":"https:\/\/edbuntu.ch\/fr\/author\/derya-kaygisizoutlook-com\/"},"uagb_comment_info":0,"uagb_excerpt":"Consulting We help partners strengthen education and child protection systems and programmes through: Our consulting strengthens programme quality, supports evidence-based decision-making, and helps partners deliver sustainable impact. Skills &amp; Innovation We support schools, ministries, and institutions to integrate modern, real-world competencies into their learning environments, through: These learning experiences help young people navigate a fast-changing\u2026","_links":{"self":[{"href":"https:\/\/edbuntu.ch\/fr\/wp-json\/wp\/v2\/pages\/2486","targetHints":{"allow":["GET"]}}],"collection":[{"href":"https:\/\/edbuntu.ch\/fr\/wp-json\/wp\/v2\/pages"}],"about":[{"href":"https:\/\/edbuntu.ch\/fr\/wp-json\/wp\/v2\/types\/page"}],"author":[{"embeddable":true,"href":"https:\/\/edbuntu.ch\/fr\/wp-json\/wp\/v2\/users\/1"}],"replies":[{"embeddable":true,"href":"https:\/\/edbuntu.ch\/fr\/wp-json\/wp\/v2\/comments?post=2486"}],"version-history":[{"count":128,"href":"https:\/\/edbuntu.ch\/fr\/wp-json\/wp\/v2\/pages\/2486\/revisions"}],"predecessor-version":[{"id":2962,"href":"https:\/\/edbuntu.ch\/fr\/wp-json\/wp\/v2\/pages\/2486\/revisions\/2962"}],"wp:attachment":[{"href":"https:\/\/edbuntu.ch\/fr\/wp-json\/wp\/v2\/media?parent=2486"}],"curies":[{"name":"wp","href":"https:\/\/api.w.org\/{rel}","templated":true}]}}